{"id":136,"date":"2024-10-24T22:43:55","date_gmt":"2024-10-24T22:43:55","guid":{"rendered":"https:\/\/cargolynk.com\/index.php\/exportacion-2\/"},"modified":"2024-10-24T22:44:07","modified_gmt":"2024-10-24T22:44:07","slug":"exportacion-2","status":"publish","type":"page","link":"https:\/\/cargolynk.com\/index.php\/exportacion-2\/","title":{"rendered":"Exportaci\u00f3n"},"content":{"rendered":"\t\t<div data-elementor-type=\"wp-page\" data-elementor-id=\"136\" class=\"elementor elementor-136\" data-elementor-post-type=\"page\">\n\t\t\t\t<div class=\"elementor-element elementor-element-45ada564 e-flex e-con-boxed e-con e-parent\" data-id=\"45ada564\" data-element_type=\"container\">\n\t\t\t\t\t<div class=\"e-con-inner\">\n\t\t\t\t<div class=\"elementor-element elementor-element-12efe715 elementor-widget elementor-widget-spacer\" data-id=\"12efe715\" data-element_type=\"widget\" data-widget_type=\"spacer.default\">\n\t\t\t\t<div class=\"elementor-widget-container\">\n\t\t\t\t\t\t\t<div class=\"elementor-spacer\">\n\t\t\t<div class=\"elementor-spacer-inner\"><\/div>\n\t\t<\/div>\n\t\t\t\t\t\t<\/div>\n\t\t\t\t<\/div>\n\t\t\t\t\t<\/div>\n\t\t\t\t<\/div>\n\t\t<div class=\"elementor-element elementor-element-314c7c13 e-con-full e-flex e-con e-parent\" data-id=\"314c7c13\" data-element_type=\"container\">\n\t\t<div class=\"elementor-element elementor-element-44a06133 e-con-full e-flex e-con e-child\" data-id=\"44a06133\" data-element_type=\"container\">\n\t\t\t\t<div class=\"elementor-element elementor-element-1db624b3 elementor-widget elementor-widget-heading\" data-id=\"1db624b3\" data-element_type=\"widget\" data-widget_type=\"heading.default\">\n\t\t\t\t<div class=\"elementor-widget-container\">\n\t\t\t\t\t<h2 class=\"elementor-heading-title elementor-size-default\">Exportaci\u00f3n<\/h2>\t\t\t\t<\/div>\n\t\t\t\t<\/div>\n\t\t\t\t<div class=\"elementor-element elementor-element-45203312 elementor-widget elementor-widget-text-editor\" data-id=\"45203312\" data-element_type=\"widget\" data-widget_type=\"text-editor.default\">\n\t\t\t\t<div class=\"elementor-widget-container\">\n\t\t\t\t\t\t\t\t\t<p>Te brindamos asesor\u00eda para exportar tus productos ecuatorianos a Espa\u00f1a y Estados Unidos. Nuestro<br \/>servicio incluye apoyo en la documentaci\u00f3n, cumplimiento de normativas y log\u00edstica de transporte,<br \/>asegurando que tus productos lleguen de manera eficiente y segura a sus destinos internacionales.<\/p>\t\t\t\t\t\t\t\t<\/div>\n\t\t\t\t<\/div>\n\t\t\t\t<\/div>\n\t\t<div class=\"elementor-element elementor-element-23cfe921 e-con-full e-flex e-con e-child\" data-id=\"23cfe921\" data-element_type=\"container\" data-settings=\"{&quot;background_background&quot;:&quot;classic&quot;}\">\n\t\t\t\t<\/div>\n\t\t\t\t<\/div>\n\t\t<div class=\"elementor-element elementor-element-401a8ac0 e-flex e-con-boxed e-con e-parent\" data-id=\"401a8ac0\" data-element_type=\"container\">\n\t\t\t\t\t<div class=\"e-con-inner\">\n\t\t\t\t<div class=\"elementor-element elementor-element-a8172d9 elementor-widget elementor-widget-spacer\" data-id=\"a8172d9\" data-element_type=\"widget\" data-widget_type=\"spacer.default\">\n\t\t\t\t<div class=\"elementor-widget-container\">\n\t\t\t\t\t\t\t<div class=\"elementor-spacer\">\n\t\t\t<div class=\"elementor-spacer-inner\"><\/div>\n\t\t<\/div>\n\t\t\t\t\t\t<\/div>\n\t\t\t\t<\/div>\n\t\t\t\t\t<\/div>\n\t\t\t\t<\/div>\n\t\t\t\t<\/div>\n\t\t","protected":false},"excerpt":{"rendered":"<p>Exportaci\u00f3n Te brindamos asesor\u00eda para exportar tus productos ecuatorianos a Espa\u00f1a y Estados Unidos. Nuestroservicio incluye apoyo en la documentaci\u00f3n, cumplimiento de normativas y log\u00edstica de transporte,asegurando que tus productos lleguen de manera eficiente y segura a sus destinos internacionales.<\/p>\n","protected":false},"author":1,"featured_media":0,"parent":0,"menu_order":0,"comment_status":"closed","ping_status":"closed","template":"","meta":{"footnotes":""},"class_list":["post-136","page","type-page","status-publish","hentry"],"_links":{"self":[{"href":"https:\/\/cargolynk.com\/index.php\/wp-json\/wp\/v2\/pages\/136","targetHints":{"allow":["GET"]}}],"collection":[{"href":"https:\/\/cargolynk.com\/index.php\/wp-json\/wp\/v2\/pages"}],"about":[{"href":"https:\/\/cargolynk.com\/index.php\/wp-json\/wp\/v2\/types\/page"}],"author":[{"embeddable":true,"href":"https:\/\/cargolynk.com\/index.php\/wp-json\/wp\/v2\/users\/1"}],"replies":[{"embeddable":true,"href":"https:\/\/cargolynk.com\/index.php\/wp-json\/wp\/v2\/comments?post=136"}],"version-history":[{"count":4,"href":"https:\/\/cargolynk.com\/index.php\/wp-json\/wp\/v2\/pages\/136\/revisions"}],"predecessor-version":[{"id":228,"href":"https:\/\/cargolynk.com\/index.php\/wp-json\/wp\/v2\/pages\/136\/revisions\/228"}],"wp:attachment":[{"href":"https:\/\/cargolynk.com\/index.php\/wp-json\/wp\/v2\/media?parent=136"}],"curies":[{"name":"wp","href":"https:\/\/api.w.org\/{rel}","templated":true}]}}